{"id":7617,"date":"2020-12-29T15:56:42","date_gmt":"2020-12-29T15:56:42","guid":{"rendered":"https:\/\/itf-schweisstechnik.de\/?page_id=7617"},"modified":"2020-12-29T17:01:07","modified_gmt":"2020-12-29T17:01:07","slug":"schweisstechnik","status":"publish","type":"page","link":"https:\/\/itf-schweisstechnik.de\/?page_id=7617","title":{"rendered":"Schwei\u00dftechnik"},"content":{"rendered":"<section class=\"l-section wpb_row height_custom\"><div class=\"l-section-h i-cf\"><div class=\"g-cols vc_row via_flex valign_top type_default stacking_default\"><div class=\"vc_col-sm-6 wpb_column vc_column_container\"><div class=\"vc_column-inner\"><div class=\"wpb_wrapper\"><div class=\"wpb_text_column us_custom_1e0e9307\"><div class=\"wpb_wrapper\"><p>ITF ist ein Schwei\u00dffachbetrieb und langj\u00e4hriger Partner der Industrie, der sich als Dienstleister im Sinne einer verl\u00e4ngerten Werkbank sieht.<\/p>\n<p>Es kommen die Schwei\u00dfverfahren WIG 141, MAG 135, E, Alu, Autogen sowie Widerstandschwei\u00dfen, L\u00f6ten und Plasmaschneiden zur Anwendung. Wir verarbeiten Materialien wie unlegierte und niedriglegierte St\u00e4hle owie hochlegierte CrNi-St\u00e4hle, Aluminium, Kupfer, Titan, Sonderwerkstoffe.<\/p>\n<p>Auf dem Gebiet der Widerstands-Schwei\u00dftechnik arbeitet ITF eng mit dem DALEX-Vertragsh\u00e4ndler <a href=\"http:\/\/autosportglinde.de\" target=\"_blank\" rel=\"noopener\">ASN Autosport- und Schwei\u00dfzentrum-Nord<\/a> zusammen. Wir k\u00f6nnen deshalb \u00fcber unser Standardprogramm hinaus die Durchf\u00fchrung von Reparaturen mit Monteureins\u00e4tzen sowie Ersatzteillieferungen f\u00fcr DALEX-Widerstand-Schwei\u00dfanlagen offerieren.<\/p>\n<p>Wir verf\u00fcgen \u00fcber diverse Schwei\u00dferpr\u00fcfungen nach DIN EN ISO 9606-1 und Verfahrenspr\u00fcfungen nach DIN EN ISO 15614-1 und sind damit ein kompetenter Partner der Automobil-Zuliefer-Industrie sowie ein zertifizierter Schwei\u00dffachbetrieb f\u00fcr die Bundesbahn nach DIN EN 15085-2.<\/p>\n<p>Alle Fertigungsprozesse unterliegen einer strengen Qualtit\u00e4tssicherung und werden von einer Schwei\u00dfaufsichtsperson nach DIN EN ISO 14731 \u00fcberwacht.<\/p>\n<\/div><\/div><\/div><\/div><\/div><div class=\"vc_col-sm-6 wpb_column vc_column_container\"><div class=\"vc_column-inner\"><div class=\"wpb_wrapper\"><div class=\"wpb_text_column\"><div class=\"wpb_wrapper\"><div class=\"w-gallery cols_3 link_file with_indents\"><div class=\"w-gallery-list\"><a class=\"w-gallery-item order_1\" href=\"https:\/\/itf-schweisstechnik.de\/wp-content\/uploads\/2020\/12\/image-5.jpg\" title=\"image-5\"><div class=\"w-gallery-item-img\"><img loading=\"lazy\" decoding=\"async\" width=\"150\" height=\"150\" src=\"https:\/\/itf-schweisstechnik.de\/wp-content\/uploads\/2020\/12\/image-5-150x150.jpg\" class=\"attachment-thumbnail size-thumbnail\" alt=\"\" \/><\/div><\/a><a class=\"w-gallery-item order_2\" href=\"https:\/\/itf-schweisstechnik.de\/wp-content\/uploads\/2020\/12\/image-7.jpg\" title=\"image-7\"><div class=\"w-gallery-item-img\"><img loading=\"lazy\" decoding=\"async\" width=\"150\" height=\"150\" src=\"https:\/\/itf-schweisstechnik.de\/wp-content\/uploads\/2020\/12\/image-7-150x150.jpg\" class=\"attachment-thumbnail size-thumbnail\" alt=\"\" \/><\/div><\/a><a class=\"w-gallery-item order_3\" href=\"https:\/\/itf-schweisstechnik.de\/wp-content\/uploads\/2020\/12\/image-8.jpg\" title=\"image-8\"><div class=\"w-gallery-item-img\"><img loading=\"lazy\" decoding=\"async\" width=\"150\" height=\"150\" src=\"https:\/\/itf-schweisstechnik.de\/wp-content\/uploads\/2020\/12\/image-8-150x150.jpg\" class=\"attachment-thumbnail size-thumbnail\" alt=\"\" \/><\/div><\/a><a class=\"w-gallery-item order_4\" href=\"https:\/\/itf-schweisstechnik.de\/wp-content\/uploads\/2020\/12\/image-1.jpg\" title=\"image-1\"><div class=\"w-gallery-item-img\"><img loading=\"lazy\" decoding=\"async\" width=\"150\" height=\"150\" src=\"https:\/\/itf-schweisstechnik.de\/wp-content\/uploads\/2020\/12\/image-1-150x150.jpg\" class=\"attachment-thumbnail size-thumbnail\" alt=\"\" \/><\/div><\/a><a class=\"w-gallery-item order_5\" href=\"https:\/\/itf-schweisstechnik.de\/wp-content\/uploads\/2020\/12\/image-3.jpg\" title=\"image-3\"><div class=\"w-gallery-item-img\"><img loading=\"lazy\" decoding=\"async\" width=\"150\" height=\"150\" src=\"https:\/\/itf-schweisstechnik.de\/wp-content\/uploads\/2020\/12\/image-3-150x150.jpg\" class=\"attachment-thumbnail size-thumbnail\" alt=\"\" \/><\/div><\/a><a class=\"w-gallery-item order_6\" href=\"https:\/\/itf-schweisstechnik.de\/wp-content\/uploads\/2020\/12\/image-6.jpg\" title=\"image-6\"><div class=\"w-gallery-item-img\"><img loading=\"lazy\" decoding=\"async\" width=\"150\" height=\"150\" src=\"https:\/\/itf-schweisstechnik.de\/wp-content\/uploads\/2020\/12\/image-6-150x150.jpg\" class=\"attachment-thumbnail size-thumbnail\" alt=\"\" \/><\/div><\/a><\/div><\/div>\n<\/div><\/div><div class=\"w-separator size_large\"><\/div><div class=\"w-image align_none\"><div class=\"w-image-h\"><img loading=\"lazy\" decoding=\"async\" width=\"300\" height=\"169\" src=\"https:\/\/itf-schweisstechnik.de\/wp-content\/uploads\/2020\/12\/IMAG0039_BURST002-Widerstandsschweissen-300x169.jpg\" class=\"attachment-medium size-medium\" alt=\"\" srcset=\"https:\/\/itf-schweisstechnik.de\/wp-content\/uploads\/2020\/12\/IMAG0039_BURST002-Widerstandsschweissen-300x169.jpg 300w, https:\/\/itf-schweisstechnik.de\/wp-content\/uploads\/2020\/12\/IMAG0039_BURST002-Widerstandsschweissen-1024x577.jpg 1024w, https:\/\/itf-schweisstechnik.de\/wp-content\/uploads\/2020\/12\/IMAG0039_BURST002-Widerstandsschweissen-1536x866.jpg 1536w\" sizes=\"auto, (max-width: 300px) 100vw, 300px\" \/><\/div><\/div><\/div><\/div><\/div><\/div><\/div><\/section>\n","protected":false},"excerpt":{"rendered":"ITF ist ein Schwei\u00dffachbetrieb und langj\u00e4hriger Partner der Industrie, der sich als Dienstleister im Sinne einer verl\u00e4ngerten Werkbank sieht. Es kommen die Schwei\u00dfverfahren WIG 141, MAG 135, E, Alu, Autogen sowie Widerstandschwei\u00dfen, L\u00f6ten und Plasmaschneiden zur Anwendung. Wir verarbeiten Materialien wie unlegierte und niedriglegierte St\u00e4hle owie hochlegierte CrNi-St\u00e4hle, Aluminium, Kupfer, Titan, Sonderwerkstoffe. Auf dem Gebiet...","protected":false},"author":1,"featured_media":0,"parent":0,"menu_order":0,"comment_status":"closed","ping_status":"closed","template":"","meta":{"footnotes":""},"class_list":["post-7617","page","type-page","status-publish","hentry"],"_links":{"self":[{"href":"https:\/\/itf-schweisstechnik.de\/index.php?rest_route=\/wp\/v2\/pages\/7617","targetHints":{"allow":["GET"]}}],"collection":[{"href":"https:\/\/itf-schweisstechnik.de\/index.php?rest_route=\/wp\/v2\/pages"}],"about":[{"href":"https:\/\/itf-schweisstechnik.de\/index.php?rest_route=\/wp\/v2\/types\/page"}],"author":[{"embeddable":true,"href":"https:\/\/itf-schweisstechnik.de\/index.php?rest_route=\/wp\/v2\/users\/1"}],"replies":[{"embeddable":true,"href":"https:\/\/itf-schweisstechnik.de\/index.php?rest_route=%2Fwp%2Fv2%2Fcomments&post=7617"}],"version-history":[{"count":6,"href":"https:\/\/itf-schweisstechnik.de\/index.php?rest_route=\/wp\/v2\/pages\/7617\/revisions"}],"predecessor-version":[{"id":7647,"href":"https:\/\/itf-schweisstechnik.de\/index.php?rest_route=\/wp\/v2\/pages\/7617\/revisions\/7647"}],"wp:attachment":[{"href":"https:\/\/itf-schweisstechnik.de\/index.php?rest_route=%2Fwp%2Fv2%2Fmedia&parent=7617"}],"curies":[{"name":"wp","href":"https:\/\/api.w.org\/{rel}","templated":true}]}}