{"id":7621,"date":"2020-12-29T15:57:50","date_gmt":"2020-12-29T15:57:50","guid":{"rendered":"https:\/\/itf-schweisstechnik.de\/?page_id=7621"},"modified":"2021-01-27T07:51:51","modified_gmt":"2021-01-27T07:51:51","slug":"apparate-und-behaelterbau","status":"publish","type":"page","link":"https:\/\/itf-schweisstechnik.de\/?page_id=7621","title":{"rendered":"Apparate- und Beh\u00e4lterbau"},"content":{"rendered":"<section class=\"l-section wpb_row height_custom\"><div class=\"l-section-h i-cf\"><div class=\"g-cols vc_row via_flex valign_top type_default stacking_default\"><div class=\"vc_col-sm-6 wpb_column vc_column_container\"><div class=\"vc_column-inner\"><div class=\"wpb_wrapper\"><div class=\"wpb_text_column us_custom_1e0e9307\"><div class=\"wpb_wrapper\"><p>F\u00fcr den Apparatebau produzieren wir Scherenzuschnitte auf einer Schlagschere bis 3m Breite und einer Materialst\u00fcrke bis 6 mm. Als Blechbearbeitung \u00fcbernehmen wir Abkanten, Umformen und Walzen von Blechteilen bis 6 mm Materialst\u00e4rke.<\/p>\n<p>Spezielle Sonderbauteile und Apparate oder Baugruppen k\u00f6nnen gem\u00e4\u00df individueller Kundenw\u00fcnsche hergestellt werden.<\/p>\n<\/div><\/div><\/div><\/div><\/div><div class=\"vc_col-sm-6 wpb_column vc_column_container\"><div class=\"vc_column-inner\"><div class=\"wpb_wrapper\"><div class=\"wpb_text_column\"><div class=\"wpb_wrapper\"><div class=\"w-gallery cols_3 link_file with_indents\"><div class=\"w-gallery-list\"><a class=\"w-gallery-item order_1\" href=\"https:\/\/itf-schweisstechnik.de\/wp-content\/uploads\/2020\/12\/druck1.jpg\" title=\"druck1\"><div class=\"w-gallery-item-img\"><img loading=\"lazy\" decoding=\"async\" width=\"150\" height=\"150\" src=\"https:\/\/itf-schweisstechnik.de\/wp-content\/uploads\/2020\/12\/druck1-150x150.jpg\" class=\"attachment-thumbnail size-thumbnail\" alt=\"\" \/><\/div><\/a><a class=\"w-gallery-item order_2\" href=\"https:\/\/itf-schweisstechnik.de\/wp-content\/uploads\/2020\/12\/druck3.jpg\" title=\"druck3\"><div class=\"w-gallery-item-img\"><img loading=\"lazy\" decoding=\"async\" width=\"150\" height=\"150\" src=\"https:\/\/itf-schweisstechnik.de\/wp-content\/uploads\/2020\/12\/druck3-150x150.jpg\" class=\"attachment-thumbnail size-thumbnail\" alt=\"\" \/><\/div><\/a><a class=\"w-gallery-item order_3\" href=\"https:\/\/itf-schweisstechnik.de\/wp-content\/uploads\/2020\/12\/druck2.jpg\" title=\"druck2\"><div class=\"w-gallery-item-img\"><img loading=\"lazy\" decoding=\"async\" width=\"150\" height=\"150\" src=\"https:\/\/itf-schweisstechnik.de\/wp-content\/uploads\/2020\/12\/druck2-150x150.jpg\" class=\"attachment-thumbnail size-thumbnail\" alt=\"\" \/><\/div><\/a><a class=\"w-gallery-item order_4\" href=\"https:\/\/itf-schweisstechnik.de\/wp-content\/uploads\/2020\/12\/druck6.jpg\" title=\"druck6\"><div class=\"w-gallery-item-img\"><img loading=\"lazy\" decoding=\"async\" width=\"150\" height=\"150\" src=\"https:\/\/itf-schweisstechnik.de\/wp-content\/uploads\/2020\/12\/druck6-150x150.jpg\" class=\"attachment-thumbnail size-thumbnail\" alt=\"\" \/><\/div><\/a><a class=\"w-gallery-item order_5\" href=\"https:\/\/itf-schweisstechnik.de\/wp-content\/uploads\/2020\/12\/druck4.jpg\" title=\"druck4\"><div class=\"w-gallery-item-img\"><img loading=\"lazy\" decoding=\"async\" width=\"150\" height=\"150\" src=\"https:\/\/itf-schweisstechnik.de\/wp-content\/uploads\/2020\/12\/druck4-150x150.jpg\" class=\"attachment-thumbnail size-thumbnail\" alt=\"\" \/><\/div><\/a><a class=\"w-gallery-item order_6\" href=\"https:\/\/itf-schweisstechnik.de\/wp-content\/uploads\/2020\/12\/druck5.jpg\" title=\"druck5\"><div class=\"w-gallery-item-img\"><img loading=\"lazy\" decoding=\"async\" width=\"150\" height=\"150\" src=\"https:\/\/itf-schweisstechnik.de\/wp-content\/uploads\/2020\/12\/druck5-150x150.jpg\" class=\"attachment-thumbnail size-thumbnail\" alt=\"\" \/><\/div><\/a><a class=\"w-gallery-item order_7\" href=\"https:\/\/itf-schweisstechnik.de\/wp-content\/uploads\/2020\/12\/druck7.jpg\" title=\"druck7\"><div class=\"w-gallery-item-img\"><img loading=\"lazy\" decoding=\"async\" width=\"150\" height=\"150\" src=\"https:\/\/itf-schweisstechnik.de\/wp-content\/uploads\/2020\/12\/druck7-150x150.jpg\" class=\"attachment-thumbnail size-thumbnail\" alt=\"\" \/><\/div><\/a><\/div><\/div>\n<\/div><\/div><\/div><\/div><\/div><\/div><\/div><\/section>\n","protected":false},"excerpt":{"rendered":"F\u00fcr den Apparatebau produzieren wir Scherenzuschnitte auf einer Schlagschere bis 3m Breite und einer Materialst\u00fcrke bis 6 mm. Als Blechbearbeitung \u00fcbernehmen wir Abkanten, Umformen und Walzen von Blechteilen bis 6 mm Materialst\u00e4rke. Spezielle Sonderbauteile und Apparate oder Baugruppen k\u00f6nnen gem\u00e4\u00df individueller Kundenw\u00fcnsche hergestellt werden.","protected":false},"author":1,"featured_media":0,"parent":0,"menu_order":0,"comment_status":"closed","ping_status":"closed","template":"","meta":{"footnotes":""},"class_list":["post-7621","page","type-page","status-publish","hentry"],"_links":{"self":[{"href":"https:\/\/itf-schweisstechnik.de\/index.php?rest_route=\/wp\/v2\/pages\/7621","targetHints":{"allow":["GET"]}}],"collection":[{"href":"https:\/\/itf-schweisstechnik.de\/index.php?rest_route=\/wp\/v2\/pages"}],"about":[{"href":"https:\/\/itf-schweisstechnik.de\/index.php?rest_route=\/wp\/v2\/types\/page"}],"author":[{"embeddable":true,"href":"https:\/\/itf-schweisstechnik.de\/index.php?rest_route=\/wp\/v2\/users\/1"}],"replies":[{"embeddable":true,"href":"https:\/\/itf-schweisstechnik.de\/index.php?rest_route=%2Fwp%2Fv2%2Fcomments&post=7621"}],"version-history":[{"count":4,"href":"https:\/\/itf-schweisstechnik.de\/index.php?rest_route=\/wp\/v2\/pages\/7621\/revisions"}],"predecessor-version":[{"id":7696,"href":"https:\/\/itf-schweisstechnik.de\/index.php?rest_route=\/wp\/v2\/pages\/7621\/revisions\/7696"}],"wp:attachment":[{"href":"https:\/\/itf-schweisstechnik.de\/index.php?rest_route=%2Fwp%2Fv2%2Fmedia&parent=7621"}],"curies":[{"name":"wp","href":"https:\/\/api.w.org\/{rel}","templated":true}]}}